{"id":200,"date":"2024-08-22T08:58:55","date_gmt":"2024-08-22T06:58:55","guid":{"rendered":"https:\/\/www.abysscore.com\/?page_id=200"},"modified":"2025-09-29T11:55:11","modified_gmt":"2025-09-29T09:55:11","slug":"sukellustuotteet","status":"publish","type":"page","link":"https:\/\/www.abysscore.com\/index.php\/portofolio\/sukellustuotteet\/","title":{"rendered":"Sukellustuotteet"},"content":{"rendered":"\n<p class=\"has-medium-font-size\">Sukellustuotteemme jakaantuvat kahteen kategoriaan. Sukelluskaasujen hallinta ja sukellusvalaisimet. Yhteist\u00e4 n\u00e4ille molemmille on se ett\u00e4 ne ovat suunnattu tekniikkasukellukseen. <\/p>\n\n\n\n<details class=\"wp-block-details has-nv-site-bg-background-color has-background has-medium-font-size is-layout-flow wp-block-details-is-layout-flow\"><summary>Kaasujen hallinta<\/summary>\n<p class=\"has-medium-font-size\">.<\/p>\n\n\n\n<div class=\"wp-block-columns is-layout-flex wp-container-core-columns-is-layout-1 wp-block-columns-is-layout-flex\">\n<div class=\"wp-block-column is-layout-flow wp-block-column-is-layout-flow\" style=\"flex-basis:20%\">\n<figure class=\"wp-block-gallery has-nested-images columns-1 is-cropped wp-block-gallery-1 is-layout-flex wp-block-gallery-is-layout-flex\">\n<figure class=\"wp-block-image size-large\"><img data-recalc-dims=\"1\" loading=\"lazy\" decoding=\"async\" width=\"642\" height=\"642\" src=\"https:\/\/i0.wp.com\/www.abysscore.com\/wp-content\/uploads\/2024\/08\/panel_1-1.jpg?resize=642%2C642&#038;ssl=1\" alt=\"\" class=\"wp-image-187\" srcset=\"https:\/\/i0.wp.com\/www.abysscore.com\/wp-content\/uploads\/2024\/08\/panel_1-1.jpg?w=642&amp;ssl=1 642w, https:\/\/i0.wp.com\/www.abysscore.com\/wp-content\/uploads\/2024\/08\/panel_1-1.jpg?resize=300%2C300&amp;ssl=1 300w, https:\/\/i0.wp.com\/www.abysscore.com\/wp-content\/uploads\/2024\/08\/panel_1-1.jpg?resize=150%2C150&amp;ssl=1 150w, https:\/\/i0.wp.com\/www.abysscore.com\/wp-content\/uploads\/2024\/08\/panel_1-1.jpg?resize=600%2C600&amp;ssl=1 600w, https:\/\/i0.wp.com\/www.abysscore.com\/wp-content\/uploads\/2024\/08\/panel_1-1.jpg?resize=100%2C100&amp;ssl=1 100w\" sizes=\"auto, (max-width: 642px) 100vw, 642px\" \/><\/figure>\n<\/figure>\n<\/div>\n\n\n\n<div class=\"wp-block-column is-layout-flow wp-block-column-is-layout-flow\" style=\"flex-basis:50%\">\n<p class=\"has-medium-font-size\">Seoskaasujen hallintaj\u00e4rjestelm\u00e4 muodostaa automatisoidun sukelluskaasujen t\u00e4ytt\u00f6paikan.  Nelj\u00e4 p\u00e4\u00e4komponenttia j\u00e4rjestelm\u00e4ss\u00e4 ovat: kompressorin hallinta laitteisto, jatkuvan virtauksen kaasusekoitusj\u00e4rjestlem\u00e4, kaasujen hallintapaneeli ja \u00e4lyk\u00e4s t\u00e4ytt\u00f6letku. Kaikki j\u00e4rjestelm\u00e4n komponentit ovat CAN v\u00e4yl\u00e4ohjattuja ja integroituvat esimerkiksi veneen NMEA2000 verkkoon. T\u00e4m\u00e4 on tavoite tila. J\u00e4rjestelm\u00e4n osat ovat kehityksen alla ja nykyinen valmis tarjonta rajoittuu kaasusekoituspaneelin manuaaliseen versioon.<\/p>\n<\/div>\n<\/div>\n\n\n\n<h2 class=\"wp-block-heading\">Nykyiset tuotteet<\/h2>\n\n\n\n<hr class=\"wp-block-separator has-alpha-channel-opacity\"\/>\n\n\n\n<ul class=\"wp-block-list\">\n<li><strong>BlenderX Manual<\/strong> This is manual continuous flow blending panel for mixed gas blending. It incorporates several safety enhancing features as well as allow you to monitor gas composition in real time. Gas composition is monitored using two normal R-22D oxygen cells that most rebreathers use. This allows you to optimize diving operation logistics. Pure oxygen and breathing grade helium is fed into system with low pressure (you need pressure regulators in addition) and flow is controlled with precise needle valves. <a href=\"https:\/\/www.abysscore.com\/index.php\/product\/blenderx-manual\/\" data-type=\"product\" data-id=\"193\">&#8211; ORDER PRODUCT &#8211; <\/a><\/li>\n<\/ul>\n\n\n\n<h2 class=\"wp-block-heading\">Tulevat tuotteet<\/h2>\n\n\n\n<hr class=\"wp-block-separator has-alpha-channel-opacity\"\/>\n\n\n\n<ul class=\"wp-block-list\">\n<li><strong>BlenderX<\/strong> This is automatic version that removes the need to monitor gas blending and uses motorised needle valves for controlling the gasflow. When combined with our smart filling whip, WhipX, it can analyse the existing cylinder content and automatically decide on top-up gas composition.  <em>This product is in development<\/em><\/li>\n\n\n\n<li><strong>CompressorX<\/strong> This is retrofit suite for compressor control. CompressorX can monitor compressor pressures (three monitor points), cylinder and gas temperatures. It can can also control compressor with relay as well as use condensate drains (two control points).  <em>This product is in development<\/em><\/li>\n\n\n\n<li><strong>GaspanelX<\/strong> This is automated gas controller that can use three gas banks and booster pump to provide gases for WhipX as well as for BlenderX. Gas panel is also able to fill gas banks from input sources so you can top up the gas banks from smaller cylinders. <em>This product is in development<\/em><\/li>\n\n\n\n<li><strong>WhipX<\/strong> This is automated filling whip that can extract gas from cylinder for composition analysis, monitor filling pressure and temperature. <em>This product is in development<\/em><\/li>\n<\/ul>\n<\/details>\n\n\n\n<details class=\"wp-block-details has-medium-font-size is-layout-flow wp-block-details-is-layout-flow\"><summary>Diving lights<\/summary>\n<p class=\"has-medium-font-size\">Diving lights that we make use vacuum molded LiFePO4 batteries and light heads.<\/p>\n\n\n\n<ul class=\"wp-block-list\">\n<li>SL1 Small lighthead<\/li>\n\n\n\n<li>SL3 Three LED big lighthead<\/li>\n\n\n\n<li>Backup S backup light used with one 26650 size battery<\/li>\n\n\n\n<li>Backup L backup light with two 26650 size batteries<\/li>\n<\/ul>\n<\/details>\n","protected":false},"excerpt":{"rendered":"<p>Sukellustuotteemme jakaantuvat kahteen kategoriaan. Sukelluskaasujen hallinta ja sukellusvalaisimet. Yhteist\u00e4 n\u00e4ille molemmille on se ett\u00e4 ne ovat suunnattu tekniikkasukellukseen.<\/p>\n","protected":false},"author":1,"featured_media":0,"parent":10,"menu_order":0,"comment_status":"closed","ping_status":"closed","template":"","meta":{"neve_meta_sidebar":"","neve_meta_container":"","neve_meta_enable_content_width":"","neve_meta_content_width":0,"neve_meta_title_alignment":"","neve_meta_author_avatar":"","neve_post_elements_order":"","neve_meta_disable_header":"","neve_meta_disable_footer":"","neve_meta_disable_title":"","jetpack_post_was_ever_published":false,"footnotes":""},"class_list":["post-200","page","type-page","status-publish","hentry"],"jetpack_sharing_enabled":true,"_links":{"self":[{"href":"https:\/\/www.abysscore.com\/index.php\/wp-json\/wp\/v2\/pages\/200","targetHints":{"allow":["GET"]}}],"collection":[{"href":"https:\/\/www.abysscore.com\/index.php\/wp-json\/wp\/v2\/pages"}],"about":[{"href":"https:\/\/www.abysscore.com\/index.php\/wp-json\/wp\/v2\/types\/page"}],"author":[{"embeddable":true,"href":"https:\/\/www.abysscore.com\/index.php\/wp-json\/wp\/v2\/users\/1"}],"replies":[{"embeddable":true,"href":"https:\/\/www.abysscore.com\/index.php\/wp-json\/wp\/v2\/comments?post=200"}],"version-history":[{"count":3,"href":"https:\/\/www.abysscore.com\/index.php\/wp-json\/wp\/v2\/pages\/200\/revisions"}],"predecessor-version":[{"id":317,"href":"https:\/\/www.abysscore.com\/index.php\/wp-json\/wp\/v2\/pages\/200\/revisions\/317"}],"up":[{"embeddable":true,"href":"https:\/\/www.abysscore.com\/index.php\/wp-json\/wp\/v2\/pages\/10"}],"wp:attachment":[{"href":"https:\/\/www.abysscore.com\/index.php\/wp-json\/wp\/v2\/media?parent=200"}],"curies":[{"name":"wp","href":"https:\/\/api.w.org\/{rel}","templated":true}]}}