{"id":232,"date":"2025-01-08T14:06:23","date_gmt":"2025-01-08T12:06:23","guid":{"rendered":"https:\/\/www.abysscore.com\/?page_id=232"},"modified":"2025-01-08T14:13:07","modified_gmt":"2025-01-08T12:13:07","slug":"energiavarastot","status":"publish","type":"page","link":"https:\/\/www.abysscore.com\/index.php\/portofolio\/energiavarastot\/","title":{"rendered":"Energiavarastot"},"content":{"rendered":"\n<p>Tarjoamme energiavarastoratkaisuja sek\u00e4 verkoon kytkettyihin kohteisiin sek\u00e4 verkosta irrallisiin asennuksiin. N\u00e4iden kahden kohderyhm\u00e4n asettamat vaatimukset poikkeavat toisistaan merkitt\u00e4v\u00e4sti vaikka perusl\u00e4ht\u00f6kohdat ovat p\u00e4\u00e4osin samat. Oletuksena in ett\u00e4 j\u00e4rjestelm\u00e4ss\u00e4 on energiaa tuottava komponentti (yleens\u00e4 aurinkopaneelit) sek\u00e4 energia varasto jonne varastoida energiaa. Siihen perus rakennuspalikat loppuvatkin ja yksil\u00f6llinen j\u00e4rjest\u00e4m\u00e4n suunnittelu alkaa.<\/p>\n\n\n\n<h2 class=\"wp-block-heading\">Verkkoon kytketyt energiavarastot<\/h2>\n\n\n\n<p>TBW<\/p>\n\n\n\n<div style=\"height:100px\" aria-hidden=\"true\" class=\"wp-block-spacer\"><\/div>\n\n\n\n<h2 class=\"wp-block-heading\">Verkosta irralliset energiavarastot<\/h2>\n\n\n\n<p>TBW<\/p>\n\n\n\n<p><\/p>\n","protected":false},"excerpt":{"rendered":"<p>Tarjoamme energiavarastoratkaisuja sek\u00e4 verkoon kytkettyihin kohteisiin sek\u00e4 verkosta irrallisiin asennuksiin. N\u00e4iden kahden kohderyhm\u00e4n asettamat vaatimukset poikkeavat toisistaan merkitt\u00e4v\u00e4sti vaikka perusl\u00e4ht\u00f6kohdat ovat p\u00e4\u00e4osin samat. Oletuksena in ett\u00e4 j\u00e4rjestelm\u00e4ss\u00e4 on energiaa tuottava komponentti (yleens\u00e4 aurinkopaneelit) sek\u00e4 energia varasto jonne varastoida energiaa. Siihen perus rakennuspalikat loppuvatkin ja yksil\u00f6llinen j\u00e4rjest\u00e4m\u00e4n suunnittelu alkaa. Verkkoon kytketyt energiavarastot TBW Verkosta irralliset energiavarastot&hellip;&nbsp;<a href=\"https:\/\/www.abysscore.com\/index.php\/portofolio\/energiavarastot\/\" rel=\"bookmark\">Read More &raquo;<span class=\"screen-reader-text\">Energiavarastot<\/span><\/a><\/p>\n","protected":false},"author":1,"featured_media":0,"parent":10,"menu_order":0,"comment_status":"closed","ping_status":"closed","template":"","meta":{"neve_meta_sidebar":"","neve_meta_container":"","neve_meta_enable_content_width":"","neve_meta_content_width":0,"neve_meta_title_alignment":"","neve_meta_author_avatar":"","neve_post_elements_order":"","neve_meta_disable_header":"","neve_meta_disable_footer":"","neve_meta_disable_title":"","jetpack_post_was_ever_published":false,"footnotes":""},"class_list":["post-232","page","type-page","status-publish","hentry"],"jetpack_sharing_enabled":true,"_links":{"self":[{"href":"https:\/\/www.abysscore.com\/index.php\/wp-json\/wp\/v2\/pages\/232","targetHints":{"allow":["GET"]}}],"collection":[{"href":"https:\/\/www.abysscore.com\/index.php\/wp-json\/wp\/v2\/pages"}],"about":[{"href":"https:\/\/www.abysscore.com\/index.php\/wp-json\/wp\/v2\/types\/page"}],"author":[{"embeddable":true,"href":"https:\/\/www.abysscore.com\/index.php\/wp-json\/wp\/v2\/users\/1"}],"replies":[{"embeddable":true,"href":"https:\/\/www.abysscore.com\/index.php\/wp-json\/wp\/v2\/comments?post=232"}],"version-history":[{"count":3,"href":"https:\/\/www.abysscore.com\/index.php\/wp-json\/wp\/v2\/pages\/232\/revisions"}],"predecessor-version":[{"id":237,"href":"https:\/\/www.abysscore.com\/index.php\/wp-json\/wp\/v2\/pages\/232\/revisions\/237"}],"up":[{"embeddable":true,"href":"https:\/\/www.abysscore.com\/index.php\/wp-json\/wp\/v2\/pages\/10"}],"wp:attachment":[{"href":"https:\/\/www.abysscore.com\/index.php\/wp-json\/wp\/v2\/media?parent=232"}],"curies":[{"name":"wp","href":"https:\/\/api.w.org\/{rel}","templated":true}]}}