{"id":300,"date":"2025-09-29T10:10:17","date_gmt":"2025-09-29T08:10:17","guid":{"rendered":"https:\/\/www.abysscore.com\/?page_id=300"},"modified":"2025-09-30T13:37:18","modified_gmt":"2025-09-30T11:37:18","slug":"esimerkkiprojektit","status":"publish","type":"page","link":"https:\/\/www.abysscore.com\/index.php\/esimerkkiprojektit\/","title":{"rendered":"Esimerkkiprojektit"},"content":{"rendered":"\n<h2 class=\"wp-block-heading\">Omakotitalot<\/h2>\n\n\n\n<p>Lis\u00e4simme akkuenergia varaston isoon omakotitaloon joka oli varustettu aurinkopaneelij\u00e4rjestelm\u00e4ll\u00e4. Akkuenergiavarasto mahdollistaa ylim\u00e4\u00e4r\u00e4isen aurinkoenergian tallentamisen ja k\u00e4yt\u00f6n optimaalisella hetkell\u00e4. Omakotitalo on luonnollisesti kytketty s\u00e4hk\u00f6verkkoon. T\u00e4ss\u00e4 esimerkiss\u00e4 k\u00e4ytettiin suhteellisen kompaktia 3-vaiheista 3&#215;3000\u202fVA invertterij\u00e4rjestelm\u00e4\u00e4 s\u00e4hk\u00f6j\u00e4rjestelm\u00e4n osana. Toisin sanoen talon s\u00e4hk\u00f6 tulee suoraan verkosta, ei invertterin kautta samalla tavalla kuin yleisimmill\u00e4 pienill\u00e4 vaihtovirta aurinkopaleeli-inverttereill\u00e4. Victronin invertterit mahdollistaisivat my\u00f6s kaiken talon s\u00e4k\u00f6jen l\u00e4pi viennin invertterin kautta mik\u00e4 tuo joitain etuja esim akkun k\u00e4ytt\u00f6\u00f6n s\u00e4hk\u00f6katkon aikana. Toisaalta valittu kytkent\u00e4 poistaa riskin ett\u00e4 h\u00e4iri\u00e4 invertteriss\u00e4 vaikuttaisi muuhun talon s\u00e4hk\u00f6n k\u00e4ytt\u00f6\u00f6n. Ensisijainen syy miksi t\u00e4h\u00e4n p\u00e4\u00e4dyttiin oli laitteiston fyysiseen sijaintiin suhteessa s\u00e4hk\u00f6liittym\u00e4n tulopisteeseen.<\/p>\n\n\n\n<p>T\u00e4ss\u00e4 kokoonpanossa keskeinen haaste on saada reaaliaikaista ja nopeaa tietoa talon energiankulutuksesta. T\u00e4t\u00e4 tarvitaan jotta j\u00e4rjestelm\u00e4 pysyisi optimoimaan aurinko- ja akkus\u00e4hk\u00f6n k\u00e4yt\u00f6n. Koska s\u00e4hk\u00f6 ei kulje invertterin kautta, tieto energiamittarin kautta. <\/p>\n\n\n\n<div class=\"wp-block-cover\"><span aria-hidden=\"true\" class=\"wp-block-cover__background has-nv-light-bg-background-color has-background-dim-100 has-background-dim\"><\/span><div class=\"wp-block-cover__inner-container is-layout-constrained wp-block-cover-is-layout-constrained\">\n<div class=\"wp-block-columns is-layout-flex wp-container-core-columns-is-layout-1 wp-block-columns-is-layout-flex\">\n<div class=\"wp-block-column is-layout-flow wp-block-column-is-layout-flow\" style=\"flex-basis:50%\">\n<p class=\"has-text-align-center has-large-font-size\"><img data-recalc-dims=\"1\" loading=\"lazy\" decoding=\"async\" width=\"450\" height=\"274\" class=\"wp-image-321\" style=\"width: 450px;\" src=\"https:\/\/i0.wp.com\/www.abysscore.com\/wp-content\/uploads\/2025\/09\/Screenshot-2025-09-30-at-14.31.52.png?resize=450%2C274&#038;ssl=1\" alt=\"\" srcset=\"https:\/\/i0.wp.com\/www.abysscore.com\/wp-content\/uploads\/2025\/09\/Screenshot-2025-09-30-at-14.31.52.png?w=2118&amp;ssl=1 2118w, https:\/\/i0.wp.com\/www.abysscore.com\/wp-content\/uploads\/2025\/09\/Screenshot-2025-09-30-at-14.31.52.png?resize=300%2C183&amp;ssl=1 300w, https:\/\/i0.wp.com\/www.abysscore.com\/wp-content\/uploads\/2025\/09\/Screenshot-2025-09-30-at-14.31.52.png?resize=1024%2C624&amp;ssl=1 1024w, https:\/\/i0.wp.com\/www.abysscore.com\/wp-content\/uploads\/2025\/09\/Screenshot-2025-09-30-at-14.31.52.png?resize=768%2C468&amp;ssl=1 768w, https:\/\/i0.wp.com\/www.abysscore.com\/wp-content\/uploads\/2025\/09\/Screenshot-2025-09-30-at-14.31.52.png?resize=1536%2C936&amp;ssl=1 1536w, https:\/\/i0.wp.com\/www.abysscore.com\/wp-content\/uploads\/2025\/09\/Screenshot-2025-09-30-at-14.31.52.png?resize=2048%2C1247&amp;ssl=1 2048w, https:\/\/i0.wp.com\/www.abysscore.com\/wp-content\/uploads\/2025\/09\/Screenshot-2025-09-30-at-14.31.52.png?resize=1320%2C804&amp;ssl=1 1320w, https:\/\/i0.wp.com\/www.abysscore.com\/wp-content\/uploads\/2025\/09\/Screenshot-2025-09-30-at-14.31.52.png?resize=600%2C365&amp;ssl=1 600w\" sizes=\"auto, (max-width: 450px) 100vw, 450px\" \/><\/p>\n<\/div>\n\n\n\n<div class=\"wp-block-column is-layout-flow wp-block-column-is-layout-flow\" style=\"flex-basis:50%\">\n<p class=\"has-nv-dark-bg-color has-text-color has-link-color wp-elements-dd953b92bca970c2fbc6467b66feb505\">T\u00e4m\u00e4n j\u00e4rjestelm\u00e4n p\u00e4\u00e4komponentit olivat<\/p>\n\n\n\n<hr class=\"wp-block-separator has-alpha-channel-opacity\"\/>\n\n\n\n<ul class=\"wp-block-list\">\n<li class=\"has-nv-dark-bg-color has-text-color has-link-color wp-elements-94221d52f695f8c683bd2e3941873c31\"><strong>Aurinkopaneelit<\/strong> 12kWp nelj\u00e4ss\u00e4 ryhm\u00e4ss\u00e4<\/li>\n\n\n\n<li class=\"has-nv-dark-bg-color has-text-color has-link-color wp-elements-00a07832d99a474350c1ebafe79eb3db\"><strong>Aurinkolatauss\u00e4\u00e4din<\/strong> Victron SmartSolar MPPT RS 450\/100<\/li>\n\n\n\n<li class=\"has-nv-dark-bg-color has-text-color has-link-color wp-elements-3494f82acd5d31d0751d9b0562c21696\"><strong>Kolmivaiheinen invertterij\u00e4rjestelm\u00e4<\/strong> 3x Victron Multiplus-II 3000VA<\/li>\n\n\n\n<li class=\"has-nv-dark-bg-color has-text-color has-link-color wp-elements-4d1fc74cb7d381cde30a9fa2fa6ffa68\"><strong>Energiavarasto<\/strong> 15kWh 48V LiFePO4 akusto<\/li>\n\n\n\n<li class=\"has-nv-dark-bg-color has-text-color has-link-color wp-elements-ee8a80dc66c321a29dd091040eb52d3d\"><strong>Energian kulutuksen mittalaite<\/strong> Victron VM-3P75CT<\/li>\n<\/ul>\n<\/div>\n<\/div>\n<\/div><\/div>\n\n\n\n<h2 class=\"wp-block-heading\">Er\u00e4maa- ja saaristom\u00f6kit<\/h2>\n\n\n\n<p>Vaikka m\u00f6kki olisi kaukana kaikesta er\u00e4maan syleilyss\u00e4, ei se tarkoita sit\u00e4 ett\u00e4 sen olisi oltava ilman mit\u00e4\u00e4n nykyp\u00e4iv\u00e4n mukavuuksia. T\u00e4ss\u00e4 esimerkkitapauksessa kyseess\u00e4 on ylellinen m\u00f6kki syrj\u00e4isess\u00e4 arktisessa sijainnissa, jossa s\u00e4hk\u00f6verkkoa ei ole saatavilla. M\u00f6kki\u00e4 k\u00e4ytet\u00e4\u00e4n ymp\u00e4ri vuoden, kaukana napapiirin pohjoispuolella. T\u00e4m\u00e4 on yksi \u00e4\u00e4rimm\u00e4isimmist\u00e4 ja haastavimmista sijainneista off-grid-energiaratkaisulle, mit\u00e4 t\u00e4ll\u00e4 planeetalla voi kuvitella.<\/p>\n\n\n\n<p>J\u00e4rjestelm\u00e4 itsess\u00e4\u00e4n on varsin yksinkertainen: pieni aurinkopaneelij\u00e4rjestelm\u00e4 joka on luonnollisesti hy\u00f6dyt\u00f6n noin kuukauden kest\u00e4v\u00e4n kaamoksen aikaan. Energia varastoidaan 10\u202fkWh LiFePO4-akkustoon ja sit\u00e4 k\u00e4ytet\u00e4\u00e4n 5000\u202fVA invertterin kautta. M\u00f6kin l\u00e4mmitys hoidetaan diesel-l\u00e4mmittimell\u00e4, mik\u00e4 on kaikkein energiatehokkain tapa hy\u00f6dynt\u00e4\u00e4 fossiilista energiaa. Koska akkuja ei k\u00e4ytet\u00e4 m\u00f6kin l\u00e4mmitykseen, 10\u202fkWh akkupankki kest\u00e4\u00e4 noin viikon aktiivista k\u00e4ytt\u00f6\u00e4 sek\u00e4 talvella ett\u00e4 kes\u00e4ll\u00e4. Lis\u00e4ksi k\u00e4yt\u00f6ss\u00e4 on 3,5\u202fkW dieselgeneraattori, jolla akut ladataan, kun aurinkoenergia ei riit\u00e4. Koko j\u00e4rjestelm\u00e4 on automaattisesti ohjattu ja hallinnoitu.<\/p>\n\n\n\n<div class=\"wp-block-cover\"><span aria-hidden=\"true\" class=\"wp-block-cover__background has-nv-light-bg-background-color has-background-dim-100 has-background-dim\"><\/span><div class=\"wp-block-cover__inner-container is-layout-constrained wp-block-cover-is-layout-constrained\">\n<div class=\"wp-block-columns is-layout-flex wp-container-core-columns-is-layout-2 wp-block-columns-is-layout-flex\">\n<div class=\"wp-block-column is-layout-flow wp-block-column-is-layout-flow\" style=\"flex-basis:50%\">\n<p class=\"has-text-align-center has-large-font-size\"><img data-recalc-dims=\"1\" loading=\"lazy\" decoding=\"async\" width=\"450\" height=\"447\" class=\"wp-image-323\" style=\"width: 450px;\" src=\"https:\/\/i0.wp.com\/www.abysscore.com\/wp-content\/uploads\/2025\/09\/offgrid-ess-1.jpeg?resize=450%2C447&#038;ssl=1\" alt=\"\" srcset=\"https:\/\/i0.wp.com\/www.abysscore.com\/wp-content\/uploads\/2025\/09\/offgrid-ess-1.jpeg?w=800&amp;ssl=1 800w, https:\/\/i0.wp.com\/www.abysscore.com\/wp-content\/uploads\/2025\/09\/offgrid-ess-1.jpeg?resize=300%2C298&amp;ssl=1 300w, https:\/\/i0.wp.com\/www.abysscore.com\/wp-content\/uploads\/2025\/09\/offgrid-ess-1.jpeg?resize=150%2C150&amp;ssl=1 150w, https:\/\/i0.wp.com\/www.abysscore.com\/wp-content\/uploads\/2025\/09\/offgrid-ess-1.jpeg?resize=768%2C763&amp;ssl=1 768w, https:\/\/i0.wp.com\/www.abysscore.com\/wp-content\/uploads\/2025\/09\/offgrid-ess-1.jpeg?resize=600%2C596&amp;ssl=1 600w, https:\/\/i0.wp.com\/www.abysscore.com\/wp-content\/uploads\/2025\/09\/offgrid-ess-1.jpeg?resize=100%2C100&amp;ssl=1 100w\" sizes=\"auto, (max-width: 450px) 100vw, 450px\" \/><\/p>\n<\/div>\n\n\n\n<div class=\"wp-block-column is-layout-flow wp-block-column-is-layout-flow\" style=\"flex-basis:50%\">\n<p class=\"has-nv-dark-bg-color has-text-color has-link-color wp-elements-dd953b92bca970c2fbc6467b66feb505\">T\u00e4m\u00e4n j\u00e4rjestelm\u00e4n p\u00e4\u00e4komponentit olivat<\/p>\n\n\n\n<hr class=\"wp-block-separator has-alpha-channel-opacity\"\/>\n\n\n\n<ul class=\"wp-block-list\">\n<li class=\"has-nv-dark-bg-color has-text-color has-link-color wp-elements-ac791e93d04ba4bbf12ed73bab21d1f3\"><strong>Aurinkopaneelit<\/strong> 0.8kWp ryhm\u00e4<\/li>\n\n\n\n<li class=\"has-nv-dark-bg-color has-text-color has-link-color wp-elements-fedcbbf726e28e6f6c7b747c6d1ef2ce\"><strong>Aurinkolatauss\u00e4\u00e4din<\/strong> Victron SmartSolar MPPT 150\/70<\/li>\n\n\n\n<li class=\"has-nv-dark-bg-color has-text-color has-link-color wp-elements-41a782e488beb71977ca3d7849d17d82\"><strong>Invertterij\u00e4rjestelm\u00e4<\/strong> Victron Multiplus-II 5000VA<\/li>\n\n\n\n<li class=\"has-nv-dark-bg-color has-text-color has-link-color wp-elements-c04bae678a284a41bd7da805ce2e09e0\"><strong>Energiavarasto<\/strong> 2x 5kWh 48V LiFePO4 akkua<\/li>\n\n\n\n<li class=\"has-nv-dark-bg-color has-text-color has-link-color wp-elements-19d8d013d70be7278c5c4970963dd24f\"><strong>Generaattori<\/strong>&nbsp;3.5kW Poweri jossa on Yanmar diesel moottori<\/li>\n<\/ul>\n<\/div>\n<\/div>\n<\/div><\/div>\n\n\n\n<p><\/p>\n","protected":false},"excerpt":{"rendered":"<p>Omakotitalot Lis\u00e4simme akkuenergia varaston isoon omakotitaloon joka oli varustettu aurinkopaneelij\u00e4rjestelm\u00e4ll\u00e4. Akkuenergiavarasto mahdollistaa ylim\u00e4\u00e4r\u00e4isen aurinkoenergian tallentamisen ja k\u00e4yt\u00f6n optimaalisella hetkell\u00e4. Omakotitalo on luonnollisesti kytketty s\u00e4hk\u00f6verkkoon. T\u00e4ss\u00e4 esimerkiss\u00e4 k\u00e4ytettiin suhteellisen kompaktia 3-vaiheista 3&#215;3000\u202fVA invertterij\u00e4rjestelm\u00e4\u00e4 s\u00e4hk\u00f6j\u00e4rjestelm\u00e4n osana. Toisin sanoen talon s\u00e4hk\u00f6 tulee suoraan verkosta, ei invertterin kautta samalla tavalla kuin yleisimmill\u00e4 pienill\u00e4 vaihtovirta aurinkopaleeli-inverttereill\u00e4. Victronin invertterit mahdollistaisivat my\u00f6s&hellip;&nbsp;<a href=\"https:\/\/www.abysscore.com\/index.php\/esimerkkiprojektit\/\" rel=\"bookmark\">Read More &raquo;<span class=\"screen-reader-text\">Esimerkkiprojektit<\/span><\/a><\/p>\n","protected":false},"author":1,"featured_media":0,"parent":0,"menu_order":0,"comment_status":"closed","ping_status":"closed","template":"","meta":{"neve_meta_sidebar":"","neve_meta_container":"","neve_meta_enable_content_width":"on","neve_meta_content_width":100,"neve_meta_title_alignment":"","neve_meta_author_avatar":"","neve_post_elements_order":"","neve_meta_disable_header":"","neve_meta_disable_footer":"","neve_meta_disable_title":"on","jetpack_post_was_ever_published":false,"footnotes":""},"class_list":["post-300","page","type-page","status-publish","hentry"],"jetpack_sharing_enabled":true,"_links":{"self":[{"href":"https:\/\/www.abysscore.com\/index.php\/wp-json\/wp\/v2\/pages\/300","targetHints":{"allow":["GET"]}}],"collection":[{"href":"https:\/\/www.abysscore.com\/index.php\/wp-json\/wp\/v2\/pages"}],"about":[{"href":"https:\/\/www.abysscore.com\/index.php\/wp-json\/wp\/v2\/types\/page"}],"author":[{"embeddable":true,"href":"https:\/\/www.abysscore.com\/index.php\/wp-json\/wp\/v2\/users\/1"}],"replies":[{"embeddable":true,"href":"https:\/\/www.abysscore.com\/index.php\/wp-json\/wp\/v2\/comments?post=300"}],"version-history":[{"count":4,"href":"https:\/\/www.abysscore.com\/index.php\/wp-json\/wp\/v2\/pages\/300\/revisions"}],"predecessor-version":[{"id":324,"href":"https:\/\/www.abysscore.com\/index.php\/wp-json\/wp\/v2\/pages\/300\/revisions\/324"}],"wp:attachment":[{"href":"https:\/\/www.abysscore.com\/index.php\/wp-json\/wp\/v2\/media?parent=300"}],"curies":[{"name":"wp","href":"https:\/\/api.w.org\/{rel}","templated":true}]}}