{"id":7,"date":"2023-08-13T14:48:13","date_gmt":"2023-08-13T14:48:13","guid":{"rendered":"https:\/\/www.abysscore.com\/?page_id=7"},"modified":"2025-11-21T15:44:28","modified_gmt":"2025-11-21T13:44:28","slug":"home","status":"publish","type":"page","link":"https:\/\/www.abysscore.com\/","title":{"rendered":"Koti"},"content":{"rendered":"\n<div class=\"wp-block-cover alignfull\" style=\"min-height:700px;aspect-ratio:unset;\"><span aria-hidden=\"true\" class=\"wp-block-cover__background has-background-dim-0 has-background-dim\" style=\"background-color:#325f7b\"><\/span><img data-recalc-dims=\"1\" loading=\"lazy\" decoding=\"async\" width=\"1200\" height=\"390\" class=\"wp-block-cover__image-background wp-image-373\" alt=\"\" src=\"https:\/\/i0.wp.com\/www.abysscore.com\/wp-content\/uploads\/2025\/10\/header-rastegaisa-1-scaled.jpeg?resize=1200%2C390&#038;ssl=1\" style=\"object-position:17% 56%\" data-object-fit=\"cover\" data-object-position=\"17% 56%\" srcset=\"https:\/\/i0.wp.com\/www.abysscore.com\/wp-content\/uploads\/2025\/10\/header-rastegaisa-1-scaled.jpeg?w=2560&amp;ssl=1 2560w, https:\/\/i0.wp.com\/www.abysscore.com\/wp-content\/uploads\/2025\/10\/header-rastegaisa-1-scaled.jpeg?resize=300%2C98&amp;ssl=1 300w, https:\/\/i0.wp.com\/www.abysscore.com\/wp-content\/uploads\/2025\/10\/header-rastegaisa-1-scaled.jpeg?resize=1024%2C333&amp;ssl=1 1024w, https:\/\/i0.wp.com\/www.abysscore.com\/wp-content\/uploads\/2025\/10\/header-rastegaisa-1-scaled.jpeg?resize=768%2C250&amp;ssl=1 768w, https:\/\/i0.wp.com\/www.abysscore.com\/wp-content\/uploads\/2025\/10\/header-rastegaisa-1-scaled.jpeg?resize=1536%2C500&amp;ssl=1 1536w, https:\/\/i0.wp.com\/www.abysscore.com\/wp-content\/uploads\/2025\/10\/header-rastegaisa-1-scaled.jpeg?resize=2048%2C666&amp;ssl=1 2048w, https:\/\/i0.wp.com\/www.abysscore.com\/wp-content\/uploads\/2025\/10\/header-rastegaisa-1-scaled.jpeg?resize=1320%2C429&amp;ssl=1 1320w, https:\/\/i0.wp.com\/www.abysscore.com\/wp-content\/uploads\/2025\/10\/header-rastegaisa-1-scaled.jpeg?resize=600%2C195&amp;ssl=1 600w, https:\/\/i0.wp.com\/www.abysscore.com\/wp-content\/uploads\/2025\/10\/header-rastegaisa-1-scaled.jpeg?w=2400&amp;ssl=1 2400w\" sizes=\"auto, (max-width: 1200px) 100vw, 1200px\" \/><div class=\"wp-block-cover__inner-container is-layout-flow wp-block-cover-is-layout-flow\">\n<div style=\"height:80px\" aria-hidden=\"true\" class=\"wp-block-spacer\"><\/div>\n\n\n\n<h1 class=\"wp-block-heading has-text-align-center has-nv-light-bg-color has-text-color\" style=\"border-style:none;border-width:0px\">\u00c4lykk\u00e4it\u00e4 ratkaisuja vaativiin olosuhteisiin<\/h1>\n\n\n\n<p class=\"has-text-align-center has-nv-light-bg-color has-text-color\" style=\"font-size:17px\">Luomme ratkaisuja vaativiin ymp\u00e4rist\u00f6ihin, olipa se sitten pienet tai keskisuuret energiavarastot tai laitteet tekniikkasukellukseen<\/p>\n\n\n\n<div class=\"wp-block-buttons is-content-justification-center is-layout-flex wp-container-core-buttons-is-layout-1 wp-block-buttons-is-layout-flex\">\n<div class=\"wp-block-button is-style-primary\"><a class=\"wp-block-button__link has-nv-site-bg-color has-text-color has-link-color wp-element-button\" href=\"https:\/\/www.abysscore.com\/index.php\/portofolio\/\">LUE LIS\u00c4\u00c4<\/a><\/div>\n<\/div>\n\n\n\n<p><\/p>\n<\/div><\/div>\n\n\n\n<div style=\"height:80px\" aria-hidden=\"true\" class=\"wp-block-spacer\"><\/div>\n\n\n\n<div class=\"wp-block-columns is-layout-flex wp-container-core-columns-is-layout-1 wp-block-columns-is-layout-flex\">\n<div class=\"wp-block-column is-layout-flow wp-block-column-is-layout-flow\"><div class=\"wp-block-image icon-style is-style-default\">\n<figure class=\"aligncenter size-full is-resized\"><img data-recalc-dims=\"1\" loading=\"lazy\" decoding=\"async\" width=\"512\" height=\"512\" src=\"https:\/\/i0.wp.com\/www.abysscore.com\/wp-content\/uploads\/2025\/09\/green-energy-icon.png?resize=512%2C512&#038;ssl=1\" alt=\"\" class=\"wp-image-284\" style=\"width:48px;height:48px\" srcset=\"https:\/\/i0.wp.com\/www.abysscore.com\/wp-content\/uploads\/2025\/09\/green-energy-icon.png?w=512&amp;ssl=1 512w, https:\/\/i0.wp.com\/www.abysscore.com\/wp-content\/uploads\/2025\/09\/green-energy-icon.png?resize=300%2C300&amp;ssl=1 300w, https:\/\/i0.wp.com\/www.abysscore.com\/wp-content\/uploads\/2025\/09\/green-energy-icon.png?resize=150%2C150&amp;ssl=1 150w, https:\/\/i0.wp.com\/www.abysscore.com\/wp-content\/uploads\/2025\/09\/green-energy-icon.png?resize=100%2C100&amp;ssl=1 100w\" sizes=\"auto, (max-width: 512px) 100vw, 512px\" \/><\/figure><\/div>\n\n\n<div style=\"height:20px\" aria-hidden=\"true\" class=\"wp-block-spacer\"><\/div>\n\n\n\n<h3 class=\"wp-block-heading has-text-align-center has-neve-text-color-color has-text-color\">Energiavarastot<\/h3>\n\n\n\n<p class=\"has-text-align-center\">Meill\u00e4 on vuosikymmenten kokemus lithium akkujen hy\u00f6dynt\u00e4misest\u00e4 sukelluslaitteissa. T\u00e4m\u00e4n kokemeuksen siirr\u00e4mme nyt energiavarastojen suunnitteluun eri ymp\u00e4rist\u00f6ihin<\/p>\n\n\n\n<div style=\"height:20px\" aria-hidden=\"true\" class=\"wp-block-spacer\"><\/div>\n<\/div>\n\n\n\n<div class=\"wp-block-column is-layout-flow wp-block-column-is-layout-flow\"><div class=\"wp-block-image icon-style is-style-default\">\n<figure class=\"aligncenter size-full is-resized\"><img decoding=\"async\" src=\"https:\/\/www.abysscore.com\/wp-content\/uploads\/2024\/08\/boat.svg\" alt=\"\" class=\"wp-image-218\" style=\"width:48px;height:48px\"\/><\/figure><\/div>\n\n\n<div style=\"height:20px\" aria-hidden=\"true\" class=\"wp-block-spacer\"><\/div>\n\n\n\n<h3 class=\"wp-block-heading has-text-align-center has-neve-text-color-color has-text-color\">Veneily<\/h3>\n\n\n\n<p class=\"has-text-align-center\"><strong>Tulossa piakkoin.<\/strong>. Kehit\u00e4mme 30-40kW s\u00e4hk\u00f6ist\u00e4 voimansiirtoa purjeveneisiin joka toimii 48V DC j\u00e4rjestelm\u00e4ss\u00e4. <\/p>\n\n\n\n<div style=\"height:20px\" aria-hidden=\"true\" class=\"wp-block-spacer\"><\/div>\n<\/div>\n\n\n\n<div class=\"wp-block-column is-layout-flow wp-block-column-is-layout-flow\"><div class=\"wp-block-image icon-style is-style-rounded\">\n<figure class=\"aligncenter size-full is-resized\"><img data-recalc-dims=\"1\" loading=\"lazy\" decoding=\"async\" width=\"512\" height=\"506\" src=\"https:\/\/i0.wp.com\/www.abysscore.com\/wp-content\/uploads\/2023\/08\/scuba-diving-icon.png?resize=512%2C506&#038;ssl=1\" alt=\"\" class=\"wp-image-80\" style=\"aspect-ratio:1;width:48px;height:auto\" srcset=\"https:\/\/i0.wp.com\/www.abysscore.com\/wp-content\/uploads\/2023\/08\/scuba-diving-icon.png?w=512&amp;ssl=1 512w, https:\/\/i0.wp.com\/www.abysscore.com\/wp-content\/uploads\/2023\/08\/scuba-diving-icon.png?resize=300%2C296&amp;ssl=1 300w, https:\/\/i0.wp.com\/www.abysscore.com\/wp-content\/uploads\/2023\/08\/scuba-diving-icon.png?resize=100%2C100&amp;ssl=1 100w\" sizes=\"auto, (max-width: 512px) 100vw, 512px\" \/><\/figure><\/div>\n\n\n<div style=\"height:20px\" aria-hidden=\"true\" class=\"wp-block-spacer\"><\/div>\n\n\n\n<h3 class=\"wp-block-heading has-text-align-center has-neve-text-color-color has-text-color\">Laitesukellus<\/h3>\n\n\n\n<p class=\"has-text-align-center\">Sukellusvalaisimet, l\u00e4mmitysj\u00e4rjestelmien akut sek\u00e4 kaasuseikoitus j\u00e4rjestelm\u00e4t joita suunnittelemme ja toimitame<\/p>\n\n\n\n<div style=\"height:20px\" aria-hidden=\"true\" class=\"wp-block-spacer\"><\/div>\n<\/div>\n<\/div>\n\n\n\n<div style=\"height:80px\" aria-hidden=\"true\" class=\"wp-block-spacer\"><\/div>\n\n\n\n<div class=\"wp-block-cover alignfull\" style=\"min-height:600px;aspect-ratio:unset;\"><span aria-hidden=\"true\" class=\"wp-block-cover__background has-nv-light-bg-background-color has-background-dim-100 has-background-dim\"><\/span><div class=\"wp-block-cover__inner-container is-layout-flow wp-block-cover-is-layout-flow\">\n<div class=\"wp-block-group\"><div class=\"wp-block-group__inner-container is-layout-flow wp-block-group-is-layout-flow\">\n<div style=\"height:80px\" aria-hidden=\"true\" class=\"wp-block-spacer\"><\/div>\n\n\n\n<div class=\"wp-block-columns are-vertically-aligned-center is-layout-flex wp-container-core-columns-is-layout-2 wp-block-columns-is-layout-flex\">\n<div class=\"wp-block-column is-vertically-aligned-center is-layout-flow wp-block-column-is-layout-flow\" style=\"flex-basis:50%\">\n<figure class=\"wp-block-image size-full\"><img data-recalc-dims=\"1\" loading=\"lazy\" decoding=\"async\" width=\"1024\" height=\"1024\" src=\"https:\/\/i0.wp.com\/www.abysscore.com\/wp-content\/uploads\/2025\/09\/cabin1-1.jpg?resize=1024%2C1024&#038;ssl=1\" alt=\"\" class=\"wp-image-288\" style=\"aspect-ratio:1;object-fit:contain\" srcset=\"https:\/\/i0.wp.com\/www.abysscore.com\/wp-content\/uploads\/2025\/09\/cabin1-1.jpg?w=1024&amp;ssl=1 1024w, https:\/\/i0.wp.com\/www.abysscore.com\/wp-content\/uploads\/2025\/09\/cabin1-1.jpg?resize=300%2C300&amp;ssl=1 300w, https:\/\/i0.wp.com\/www.abysscore.com\/wp-content\/uploads\/2025\/09\/cabin1-1.jpg?resize=150%2C150&amp;ssl=1 150w, https:\/\/i0.wp.com\/www.abysscore.com\/wp-content\/uploads\/2025\/09\/cabin1-1.jpg?resize=768%2C768&amp;ssl=1 768w, https:\/\/i0.wp.com\/www.abysscore.com\/wp-content\/uploads\/2025\/09\/cabin1-1.jpg?resize=600%2C600&amp;ssl=1 600w, https:\/\/i0.wp.com\/www.abysscore.com\/wp-content\/uploads\/2025\/09\/cabin1-1.jpg?resize=100%2C100&amp;ssl=1 100w\" sizes=\"auto, (max-width: 1024px) 100vw, 1024px\" \/><figcaption class=\"wp-element-caption\">Screenshot<\/figcaption><\/figure>\n<\/div>\n\n\n\n<div class=\"wp-block-column is-vertically-aligned-center is-layout-flow wp-block-column-is-layout-flow\" style=\"flex-basis:50%\">\n<div style=\"height:20px\" aria-hidden=\"true\" class=\"wp-block-spacer\"><\/div>\n\n\n\n<h2 class=\"wp-block-heading has-text-align-left has-neve-text-color-color has-text-color\">Esimerkit<\/h2>\n\n\n\n<p class=\"has-text-align-left has-neve-text-color-color has-text-color\" style=\"font-size:17px\">Olemme toteuttaneet useita integroituja energiavarastojen asennuksia sek\u00e4 verkkoon kytkettyihin ymp\u00e4rist\u00f6ihin sek\u00e4 saaristo- ja er\u00e4maam\u00f6kkehin joissa ei ole saatavilla verkkovirtaa. Ratkaisumme on optimoitu toimimaan parhaalla mahdollisella tavalla arktisessa ymp\u00e4rist\u00f6ssa. Esimerkkej\u00e4 energiavarastojen toteutuksista l\u00f6ytyy t\u00e4st\u00e4.<\/p>\n\n\n\n<div class=\"wp-block-buttons is-content-justification-left is-layout-flex wp-container-core-buttons-is-layout-2 wp-block-buttons-is-layout-flex\">\n<div class=\"wp-block-button is-style-primary\"><a class=\"wp-block-button__link wp-element-button\" href=\"https:\/\/www.abysscore.com\/index.php\/esimerkkiprojektit\/\">LIS\u00c4TIETOJA<\/a><\/div>\n<\/div>\n<\/div>\n<\/div>\n\n\n\n<div style=\"height:40px\" aria-hidden=\"true\" class=\"wp-block-spacer\"><\/div>\n<\/div><\/div>\n<\/div><\/div>\n\n\n\n<div class=\"wp-block-cover alignfull\" style=\"min-height:600px;aspect-ratio:unset;\"><span aria-hidden=\"true\" class=\"wp-block-cover__background has-nv-site-bg-background-color has-background-dim-100 has-background-dim\"><\/span><div class=\"wp-block-cover__inner-container is-layout-flow wp-block-cover-is-layout-flow\">\n<div class=\"wp-block-group\"><div class=\"wp-block-group__inner-container is-layout-flow wp-block-group-is-layout-flow\">\n<div style=\"height:80px\" aria-hidden=\"true\" class=\"wp-block-spacer\"><\/div>\n\n\n\n<div class=\"wp-block-columns are-vertically-aligned-center is-layout-flex wp-container-core-columns-is-layout-3 wp-block-columns-is-layout-flex\">\n<div class=\"wp-block-column is-vertically-aligned-center is-layout-flow wp-block-column-is-layout-flow\" style=\"flex-basis:50%\">\n<h2 class=\"wp-block-heading has-text-align-left has-neve-text-color-color has-text-color\">Ohjelmistoratkaisut<\/h2>\n\n\n\n<p class=\"has-text-align-left has-neve-text-color-color has-text-color\" style=\"font-size:17px\">Suurelta osin tuotteidemme lis\u00e4arvo perustuu erilaisten ohjelmistoratkaisujen hy\u00f6dynt\u00e4miseen. \u00c4lykk\u00e4ill\u00e4 ratkaisuilla pystyt\u00e4\u00e4n saamaan huomattavaa lis\u00e4arvoa olemassa oleviin j\u00e4rjestelmiin. <\/p>\n\n\n\n<div class=\"wp-block-buttons is-content-justification-left is-layout-flex wp-container-core-buttons-is-layout-3 wp-block-buttons-is-layout-flex\">\n<div class=\"wp-block-button is-style-primary\"><a class=\"wp-block-button__link wp-element-button\" href=\"#\">LIS\u00c4TIETOJA<\/a><\/div>\n<\/div>\n\n\n\n<div style=\"height:40px\" aria-hidden=\"true\" class=\"wp-block-spacer\"><\/div>\n<\/div>\n\n\n\n<div class=\"wp-block-column is-vertically-aligned-center is-layout-flow wp-block-column-is-layout-flow\" style=\"flex-basis:50%\">\n<figure class=\"wp-block-image size-large\"><img data-recalc-dims=\"1\" loading=\"lazy\" decoding=\"async\" width=\"1024\" height=\"901\" src=\"https:\/\/i0.wp.com\/www.abysscore.com\/wp-content\/uploads\/2024\/08\/Image-20.8.2024-at-16.34-1.jpg?resize=1024%2C901&#038;ssl=1\" alt=\"\" class=\"wp-image-122\" style=\"aspect-ratio:1;object-fit:contain\" srcset=\"https:\/\/i0.wp.com\/www.abysscore.com\/wp-content\/uploads\/2024\/08\/Image-20.8.2024-at-16.34-1.jpg?resize=1024%2C901&amp;ssl=1 1024w, https:\/\/i0.wp.com\/www.abysscore.com\/wp-content\/uploads\/2024\/08\/Image-20.8.2024-at-16.34-1.jpg?resize=300%2C264&amp;ssl=1 300w, https:\/\/i0.wp.com\/www.abysscore.com\/wp-content\/uploads\/2024\/08\/Image-20.8.2024-at-16.34-1.jpg?resize=768%2C676&amp;ssl=1 768w, https:\/\/i0.wp.com\/www.abysscore.com\/wp-content\/uploads\/2024\/08\/Image-20.8.2024-at-16.34-1.jpg?resize=1536%2C1352&amp;ssl=1 1536w, https:\/\/i0.wp.com\/www.abysscore.com\/wp-content\/uploads\/2024\/08\/Image-20.8.2024-at-16.34-1.jpg?resize=1320%2C1162&amp;ssl=1 1320w, https:\/\/i0.wp.com\/www.abysscore.com\/wp-content\/uploads\/2024\/08\/Image-20.8.2024-at-16.34-1.jpg?resize=600%2C528&amp;ssl=1 600w, https:\/\/i0.wp.com\/www.abysscore.com\/wp-content\/uploads\/2024\/08\/Image-20.8.2024-at-16.34-1.jpg?w=1688&amp;ssl=1 1688w\" sizes=\"auto, (max-width: 1024px) 100vw, 1024px\" \/><\/figure>\n<\/div>\n<\/div>\n\n\n\n<div style=\"height:40px\" aria-hidden=\"true\" class=\"wp-block-spacer\"><\/div>\n<\/div><\/div>\n<\/div><\/div>\n\n\n\n<div style=\"height:40px\" aria-hidden=\"true\" class=\"wp-block-spacer\"><\/div>\n\n\n\n<div class=\"wp-block-cover alignfull\" style=\"min-height:300px;aspect-ratio:unset;\"><span aria-hidden=\"true\" class=\"wp-block-cover__background has-nv-dark-bg-background-color has-background-dim-100 has-background-dim\"><\/span><div class=\"wp-block-cover__inner-container is-layout-flow wp-block-cover-is-layout-flow\">\n<div style=\"height:140px\" aria-hidden=\"true\" class=\"wp-block-spacer\"><\/div>\n\n\n\n<h2 class=\"wp-block-heading has-text-align-center has-nv-text-dark-bg-color has-text-color\">Let\u2019s get started<\/h2>\n\n\n\n<p class=\"has-text-align-center has-medium-font-size\">Our products are available via our distributors as well as directly from us in our webshop<\/p>\n\n\n\n<div class=\"wp-block-buttons is-content-justification-center is-layout-flex wp-container-core-buttons-is-layout-4 wp-block-buttons-is-layout-flex\">\n<div class=\"wp-block-button is-style-primary\"><a class=\"wp-block-button__link wp-element-button\" href=\"https:\/\/www.abysscore.com\/index.php\/shop\/\">TO THE SHOP<\/a><\/div>\n<\/div>\n\n\n\n<div style=\"height:140px\" aria-hidden=\"true\" class=\"wp-block-spacer\"><\/div>\n<\/div><\/div>\n","protected":false},"excerpt":{"rendered":"<p>Energiavarastot Meill\u00e4 on vuosikymmenten kokemus lithium akkujen hy\u00f6dynt\u00e4misest\u00e4 sukelluslaitteissa. T\u00e4m\u00e4n kokemeuksen siirr\u00e4mme nyt energiavarastojen suunnitteluun eri ymp\u00e4rist\u00f6ihin Veneily Tulossa piakkoin.. Kehit\u00e4mme 30-40kW s\u00e4hk\u00f6ist\u00e4 voimansiirtoa purjeveneisiin joka toimii 48V DC j\u00e4rjestelm\u00e4ss\u00e4. Laitesukellus Sukellusvalaisimet, l\u00e4mmitysj\u00e4rjestelmien akut sek\u00e4 kaasuseikoitus j\u00e4rjestelm\u00e4t joita suunnittelemme ja toimitame<\/p>\n","protected":false},"author":1,"featured_media":0,"parent":0,"menu_order":0,"comment_status":"closed","ping_status":"closed","template":"","meta":{"neve_meta_sidebar":"","neve_meta_container":"","neve_meta_enable_content_width":"on","neve_meta_content_width":100,"neve_meta_title_alignment":"","neve_meta_author_avatar":"","neve_post_elements_order":"","neve_meta_disable_header":"","neve_meta_disable_footer":"on","neve_meta_disable_title":"on","jetpack_post_was_ever_published":false,"footnotes":""},"class_list":["post-7","page","type-page","status-publish","hentry"],"jetpack_sharing_enabled":true,"_links":{"self":[{"href":"https:\/\/www.abysscore.com\/index.php\/wp-json\/wp\/v2\/pages\/7","targetHints":{"allow":["GET"]}}],"collection":[{"href":"https:\/\/www.abysscore.com\/index.php\/wp-json\/wp\/v2\/pages"}],"about":[{"href":"https:\/\/www.abysscore.com\/index.php\/wp-json\/wp\/v2\/types\/page"}],"author":[{"embeddable":true,"href":"https:\/\/www.abysscore.com\/index.php\/wp-json\/wp\/v2\/users\/1"}],"replies":[{"embeddable":true,"href":"https:\/\/www.abysscore.com\/index.php\/wp-json\/wp\/v2\/comments?post=7"}],"version-history":[{"count":29,"href":"https:\/\/www.abysscore.com\/index.php\/wp-json\/wp\/v2\/pages\/7\/revisions"}],"predecessor-version":[{"id":388,"href":"https:\/\/www.abysscore.com\/index.php\/wp-json\/wp\/v2\/pages\/7\/revisions\/388"}],"wp:attachment":[{"href":"https:\/\/www.abysscore.com\/index.php\/wp-json\/wp\/v2\/media?parent=7"}],"curies":[{"name":"wp","href":"https:\/\/api.w.org\/{rel}","templated":true}]}}